{"id":3,"date":"2022-09-07T14:49:06","date_gmt":"2022-09-07T14:49:06","guid":{"rendered":"https:\/\/czirkakeramia.hu\/?page_id=3"},"modified":"2022-12-05T10:36:17","modified_gmt":"2022-12-05T10:36:17","slug":"adatkezeles","status":"publish","type":"page","link":"https:\/\/czirkakeramia.hu\/en\/adatkezeles\/","title":{"rendered":"Privacy Policy"},"content":{"rendered":"<style>.elementor-3 .elementor-element.elementor-element-946f3c2 > .elementor-background-overlay{background-color:var( --e-global-color-primary );background-image:url(\"https:\/\/czirkakeramia.hu\/wp-content\/uploads\/2022\/09\/306764812_171403508738920_6452602227125061955_n.jpg\");background-position:center center;background-size:cover;opacity:1;transition:background 0.3s, border-radius 0.3s, opacity 0.3s;}.elementor-3 .elementor-element.elementor-element-946f3c2{transition:all 400ms;padding:0px 0px 0px 0px;}.elementor-3 .elementor-element.elementor-element-409d910 > .elementor-element-populated{padding:300px 0px 0px 0px;}.elementor-3 .elementor-element.elementor-element-409d910{transition:all 400ms;}.elementor-3 .elementor-element.elementor-element-81dba8a > .elementor-container{max-width:360px;}.elementor-3 .elementor-element.elementor-element-81dba8a{transition:all 400ms;}.elementor-3 .elementor-element.elementor-element-c24e540:not(.elementor-motion-effects-element-type-background) > .elementor-widget-wrap, .elementor-3 .elementor-element.elementor-element-c24e540 > .elementor-widget-wrap > .elementor-motion-effects-container > .elementor-motion-effects-layer{background-color:#FFFFFFA1;}.elementor-3 .elementor-element.elementor-element-c24e540 > .elementor-element-populated{transition:background 0.3s, border 0.3s, border-radius 0.3s, box-shadow 0.3s;padding:15px 0px 15px 0px;}.elementor-3 .elementor-element.elementor-element-c24e540 > .elementor-element-populated > .elementor-background-overlay{transition:background 0.3s, border-radius 0.3s, opacity 0.3s;}.elementor-3 .elementor-element.elementor-element-c24e540{transition:all 400ms;}.elementor-3 .elementor-element.elementor-element-081a609 > .elementor-widget-container{margin:0px 0px 0px 0px;}.elementor-3 .elementor-element.elementor-element-081a609{transition:all 400ms;text-align:center;}.elementor-3 .elementor-element.elementor-element-081a609 .elementor-heading-title{font-family:var( --e-global-typography-primary-font-family ), Sans-serif;font-size:var( --e-global-typography-primary-font-size );font-weight:var( --e-global-typography-primary-font-weight );line-height:var( --e-global-typography-primary-line-height );color:var( --e-global-color-primary );}.elementor-3 .elementor-element.elementor-element-f25eb29{transition:all 400ms;}.elementor-3 .elementor-element.elementor-element-7f80091{transition:all 400ms;}.elementor-3 .elementor-element.elementor-element-bd8b1c6{--spacer-size:102px;transition:all 400ms;}.elementor-3 .elementor-element.elementor-element-9a1b3a3{transition:all 400ms;}.elementor-3 .elementor-element.elementor-element-47424241{transition:all 400ms;}.elementor-3 .elementor-element.elementor-element-c141e8{transition:all 400ms;}.elementor-3 .elementor-element.elementor-element-eca9450{transition:all 400ms;}.elementor-3 .elementor-element.elementor-element-a70dbfe{transition:all 400ms;}.elementor-3 .elementor-element.elementor-element-5815fcf{--spacer-size:93px;transition:all 400ms;}@media(max-width:1024px){.elementor-3 .elementor-element.elementor-element-409d910 > .elementor-element-populated{padding:250px 0px 0px 0px;}.elementor-3 .elementor-element.elementor-element-81dba8a > .elementor-container{max-width:300px;}.elementor-3 .elementor-element.elementor-element-c24e540 > .elementor-element-populated{padding:15px 0px 15px 0px;}.elementor-3 .elementor-element.elementor-element-081a609 > .elementor-widget-container{margin:0px 0px 0px 0px;}.elementor-3 .elementor-element.elementor-element-081a609 .elementor-heading-title{font-size:var( --e-global-typography-primary-font-size );line-height:var( --e-global-typography-primary-line-height );}}@media(max-width:767px){.elementor-3 .elementor-element.elementor-element-409d910 > .elementor-element-populated{padding:200px 0px 0px 0px;}.elementor-3 .elementor-element.elementor-element-81dba8a > .elementor-container{max-width:230px;}.elementor-3 .elementor-element.elementor-element-081a609 .elementor-heading-title{font-size:var( --e-global-typography-primary-font-size );line-height:var( --e-global-typography-primary-line-height );}}<\/style>\t\t<div data-elementor-type=\"wp-page\" data-elementor-id=\"3\" class=\"elementor elementor-3\" data-elementor-post-type=\"page\">\n\t\t\t\t\t\t<section class=\"elementor-section elementor-top-section elementor-element elementor-element-946f3c2 elementor-section-boxed elementor-section-height-default elementor-section-height-default\" data-id=\"946f3c2\" data-element_type=\"section\" data-settings=\"{&quot;background_background&quot;:&quot;classic&quot;}\">\n\t\t\t\t\t\t\t<div class=\"elementor-background-overlay\"><\/div>\n\t\t\t\t\t\t\t<div class=\"elementor-container elementor-column-gap-default\">\n\t\t\t\t\t<div class=\"elementor-column elementor-col-100 elementor-top-column elementor-element elementor-element-409d910\" data-id=\"409d910\" data-element_type=\"column\">\n\t\t\t<div class=\"elementor-widget-wrap elementor-element-populated\">\n\t\t\t\t\t\t<section class=\"elementor-section elementor-inner-section elementor-element elementor-element-81dba8a animated-slow elementor-section-boxed elementor-section-height-default elementor-section-height-default elementor-invisible\" data-id=\"81dba8a\" data-element_type=\"section\" data-settings=\"{&quot;animation&quot;:&quot;fadeIn&quot;}\">\n\t\t\t\t\t\t<div class=\"elementor-container elementor-column-gap-default\">\n\t\t\t\t\t<div class=\"elementor-column elementor-col-100 elementor-inner-column elementor-element elementor-element-c24e540\" data-id=\"c24e540\" data-element_type=\"column\" data-settings=\"{&quot;background_background&quot;:&quot;classic&quot;}\">\n\t\t\t<div class=\"elementor-widget-wrap elementor-element-populated\">\n\t\t\t\t\t\t<div class=\"elementor-element elementor-element-081a609 de_scroll_animation_no elementor-widget elementor-widget-heading\" data-id=\"081a609\" data-element_type=\"widget\" data-widget_type=\"heading.default\">\n\t\t\t\t<div class=\"elementor-widget-container\">\n\t\t\t\t\t<h2 class=\"elementor-heading-title elementor-size-default\">Privacy Policy<\/h2>\t\t\t\t<\/div>\n\t\t\t\t<\/div>\n\t\t\t\t\t<\/div>\n\t\t<\/div>\n\t\t\t\t\t<\/div>\n\t\t<\/section>\n\t\t\t\t\t<\/div>\n\t\t<\/div>\n\t\t\t\t\t<\/div>\n\t\t<\/section>\n\t\t\t\t<section class=\"elementor-section elementor-top-section elementor-element elementor-element-f25eb29 elementor-section-boxed elementor-section-height-default elementor-section-height-default\" data-id=\"f25eb29\" data-element_type=\"section\">\n\t\t\t\t\t\t<div class=\"elementor-container elementor-column-gap-default\">\n\t\t\t\t\t<div class=\"elementor-column elementor-col-100 elementor-top-column elementor-element elementor-element-7f80091\" data-id=\"7f80091\" data-element_type=\"column\">\n\t\t\t<div class=\"elementor-widget-wrap elementor-element-populated\">\n\t\t\t\t\t\t<div class=\"elementor-element elementor-element-bd8b1c6 de_scroll_animation_no elementor-widget elementor-widget-spacer\" data-id=\"bd8b1c6\" data-element_type=\"widget\" data-widget_type=\"spacer.default\">\n\t\t\t\t<div class=\"elementor-widget-container\">\n\t\t\t\t\t\t\t<div class=\"elementor-spacer\">\n\t\t\t<div class=\"elementor-spacer-inner\"><\/div>\n\t\t<\/div>\n\t\t\t\t\t\t<\/div>\n\t\t\t\t<\/div>\n\t\t\t\t\t<\/div>\n\t\t<\/div>\n\t\t\t\t\t<\/div>\n\t\t<\/section>\n\t\t\t\t<section class=\"elementor-section elementor-top-section elementor-element elementor-element-9a1b3a3 elementor-section-boxed elementor-section-height-default elementor-section-height-default\" data-id=\"9a1b3a3\" data-element_type=\"section\">\n\t\t\t\t\t\t<div class=\"elementor-container elementor-column-gap-default\">\n\t\t\t\t\t<div class=\"elementor-column elementor-col-100 elementor-top-column elementor-element elementor-element-47424241\" data-id=\"47424241\" data-element_type=\"column\">\n\t\t\t<div class=\"elementor-widget-wrap elementor-element-populated\">\n\t\t\t\t\t\t<div class=\"elementor-element elementor-element-c141e8 de_scroll_animation_no elementor-widget elementor-widget-text-editor\" data-id=\"c141e8\" data-element_type=\"widget\" data-widget_type=\"text-editor.default\">\n\t\t\t\t<div class=\"elementor-widget-container\">\n\t\t\t\t\t\t\t\t\t<p><a href=\"https:\/\/czirkakeramia.hu\/wp-content\/uploads\/2022\/12\/Adatkezelesi-tajekoztato-Czito-Klara-Melinda-EV.pdf\" target=\"_blank\" rel=\"noopener\">Open Privacy Policy<\/a><\/p>\t\t\t\t\t\t\t\t<\/div>\n\t\t\t\t<\/div>\n\t\t\t\t\t<\/div>\n\t\t<\/div>\n\t\t\t\t\t<\/div>\n\t\t<\/section>\n\t\t\t\t<section class=\"elementor-section elementor-top-section elementor-element elementor-element-eca9450 elementor-section-boxed elementor-section-height-default elementor-section-height-default\" data-id=\"eca9450\" data-element_type=\"section\">\n\t\t\t\t\t\t<div class=\"elementor-container elementor-column-gap-default\">\n\t\t\t\t\t<div class=\"elementor-column elementor-col-100 elementor-top-column elementor-element elementor-element-a70dbfe\" data-id=\"a70dbfe\" data-element_type=\"column\">\n\t\t\t<div class=\"elementor-widget-wrap elementor-element-populated\">\n\t\t\t\t\t\t<div class=\"elementor-element elementor-element-5815fcf de_scroll_animation_no elementor-widget elementor-widget-spacer\" data-id=\"5815fcf\" data-element_type=\"widget\" data-widget_type=\"spacer.default\">\n\t\t\t\t<div class=\"elementor-widget-container\">\n\t\t\t\t\t\t\t<div class=\"elementor-spacer\">\n\t\t\t<div class=\"elementor-spacer-inner\"><\/div>\n\t\t<\/div>\n\t\t\t\t\t\t<\/div>\n\t\t\t\t<\/div>\n\t\t\t\t\t<\/div>\n\t\t<\/div>\n\t\t\t\t\t<\/div>\n\t\t<\/section>\n\t\t\t\t<\/div>","protected":false},"excerpt":{"rendered":"<p>Adatkezel\u00e9s Adatkezel\u00e9si t\u00e1j\u00e9koztat\u00f3 megnyit\u00e1sa<\/p>","protected":false},"author":1,"featured_media":0,"parent":0,"menu_order":0,"comment_status":"closed","ping_status":"open","template":"elementor_header_footer","meta":{"footnotes":""},"class_list":["post-3","page","type-page","status-publish","hentry"],"_links":{"self":[{"href":"https:\/\/czirkakeramia.hu\/en\/wp-json\/wp\/v2\/pages\/3","targetHints":{"allow":["GET"]}}],"collection":[{"href":"https:\/\/czirkakeramia.hu\/en\/wp-json\/wp\/v2\/pages"}],"about":[{"href":"https:\/\/czirkakeramia.hu\/en\/wp-json\/wp\/v2\/types\/page"}],"author":[{"embeddable":true,"href":"https:\/\/czirkakeramia.hu\/en\/wp-json\/wp\/v2\/users\/1"}],"replies":[{"embeddable":true,"href":"https:\/\/czirkakeramia.hu\/en\/wp-json\/wp\/v2\/comments?post=3"}],"version-history":[{"count":8,"href":"https:\/\/czirkakeramia.hu\/en\/wp-json\/wp\/v2\/pages\/3\/revisions"}],"predecessor-version":[{"id":4385,"href":"https:\/\/czirkakeramia.hu\/en\/wp-json\/wp\/v2\/pages\/3\/revisions\/4385"}],"wp:attachment":[{"href":"https:\/\/czirkakeramia.hu\/en\/wp-json\/wp\/v2\/media?parent=3"}],"curies":[{"name":"wp","href":"https:\/\/api.w.org\/{rel}","templated":true}]}}