{"id":960,"date":"2022-09-13T10:22:16","date_gmt":"2022-09-13T10:22:16","guid":{"rendered":"https:\/\/czirkakeramia.hu\/?page_id=960"},"modified":"2024-03-27T11:43:41","modified_gmt":"2024-03-27T11:43:41","slug":"szallitas","status":"publish","type":"page","link":"https:\/\/czirkakeramia.hu\/en\/szallitas\/","title":{"rendered":"Shipping"},"content":{"rendered":"<style>.elementor-960 .elementor-element.elementor-element-d788ad8 > .elementor-background-overlay{background-color:var( --e-global-color-primary );background-image:url(\"https:\/\/czirkakeramia.hu\/wp-content\/uploads\/2022\/09\/001a-masolata-scaled.jpg\");background-position:center center;background-size:cover;opacity:0.67;transition:background 0.3s, border-radius 0.3s, opacity 0.3s;}.elementor-960 .elementor-element.elementor-element-d788ad8{transition:all 400ms;padding:0px 0px 0px 0px;}.elementor-960 .elementor-element.elementor-element-7fdf9c8 > .elementor-element-populated{padding:300px 0px 0px 0px;}.elementor-960 .elementor-element.elementor-element-7fdf9c8{transition:all 400ms;}.elementor-960 .elementor-element.elementor-element-af9f380 > .elementor-container{max-width:360px;}.elementor-960 .elementor-element.elementor-element-af9f380{transition:all 400ms;}.elementor-960 .elementor-element.elementor-element-1bbe3d9:not(.elementor-motion-effects-element-type-background) > .elementor-widget-wrap, .elementor-960 .elementor-element.elementor-element-1bbe3d9 > .elementor-widget-wrap > .elementor-motion-effects-container > .elementor-motion-effects-layer{background-color:#F2EFE4C2;}.elementor-960 .elementor-element.elementor-element-1bbe3d9 > .elementor-element-populated{transition:background 0.3s, border 0.3s, border-radius 0.3s, box-shadow 0.3s;padding:15px 0px 15px 0px;}.elementor-960 .elementor-element.elementor-element-1bbe3d9 > .elementor-element-populated > .elementor-background-overlay{transition:background 0.3s, border-radius 0.3s, opacity 0.3s;}.elementor-960 .elementor-element.elementor-element-1bbe3d9{transition:all 400ms;}.elementor-960 .elementor-element.elementor-element-7b93979 > .elementor-widget-container{margin:0px 0px 0px 0px;}.elementor-960 .elementor-element.elementor-element-7b93979{transition:all 400ms;text-align:center;}.elementor-960 .elementor-element.elementor-element-7b93979 .elementor-heading-title{font-family:var( --e-global-typography-primary-font-family ), Sans-serif;font-size:var( --e-global-typography-primary-font-size );font-weight:var( --e-global-typography-primary-font-weight );line-height:var( --e-global-typography-primary-line-height );color:var( --e-global-color-primary );}.elementor-960 .elementor-element.elementor-element-a58a68b{transition:all 400ms;}.elementor-960 .elementor-element.elementor-element-5281787{transition:all 400ms;}.elementor-960 .elementor-element.elementor-element-6260816{--spacer-size:50px;transition:all 400ms;}.elementor-960 .elementor-element.elementor-element-64acf5b{transition:all 400ms;}.elementor-960 .elementor-element.elementor-element-d429e45{transition:all 400ms;}.elementor-960 .elementor-element.elementor-element-aafb9d4{transition:all 400ms;}.elementor-960 .elementor-element.elementor-element-31b760b{transition:all 400ms;}.elementor-960 .elementor-element.elementor-element-7086a1e{transition:all 400ms;}@media(max-width:1024px){.elementor-960 .elementor-element.elementor-element-7fdf9c8 > .elementor-element-populated{padding:250px 0px 0px 0px;}.elementor-960 .elementor-element.elementor-element-af9f380 > .elementor-container{max-width:300px;}.elementor-960 .elementor-element.elementor-element-1bbe3d9 > .elementor-element-populated{padding:15px 0px 15px 0px;}.elementor-960 .elementor-element.elementor-element-7b93979 > .elementor-widget-container{margin:0px 0px 0px 0px;}.elementor-960 .elementor-element.elementor-element-7b93979 .elementor-heading-title{font-size:var( --e-global-typography-primary-font-size );line-height:var( --e-global-typography-primary-line-height );}}@media(max-width:767px){.elementor-960 .elementor-element.elementor-element-7fdf9c8 > .elementor-element-populated{padding:200px 0px 0px 0px;}.elementor-960 .elementor-element.elementor-element-af9f380 > .elementor-container{max-width:230px;}.elementor-960 .elementor-element.elementor-element-7b93979 .elementor-heading-title{font-size:var( --e-global-typography-primary-font-size );line-height:var( --e-global-typography-primary-line-height );}}<\/style>\t\t<div data-elementor-type=\"wp-page\" data-elementor-id=\"960\" class=\"elementor elementor-960\" data-elementor-post-type=\"page\">\n\t\t\t\t\t\t<section class=\"elementor-section elementor-top-section elementor-element elementor-element-d788ad8 elementor-section-boxed elementor-section-height-default elementor-section-height-default\" data-id=\"d788ad8\" data-element_type=\"section\" data-settings=\"{&quot;background_background&quot;:&quot;classic&quot;}\">\n\t\t\t\t\t\t\t<div class=\"elementor-background-overlay\"><\/div>\n\t\t\t\t\t\t\t<div class=\"elementor-container elementor-column-gap-default\">\n\t\t\t\t\t<div class=\"elementor-column elementor-col-100 elementor-top-column elementor-element elementor-element-7fdf9c8\" data-id=\"7fdf9c8\" data-element_type=\"column\">\n\t\t\t<div class=\"elementor-widget-wrap elementor-element-populated\">\n\t\t\t\t\t\t<section class=\"elementor-section elementor-inner-section elementor-element elementor-element-af9f380 animated-slow elementor-section-boxed elementor-section-height-default elementor-section-height-default elementor-invisible\" data-id=\"af9f380\" data-element_type=\"section\" data-settings=\"{&quot;animation&quot;:&quot;fadeIn&quot;}\">\n\t\t\t\t\t\t<div class=\"elementor-container elementor-column-gap-default\">\n\t\t\t\t\t<div class=\"elementor-column elementor-col-100 elementor-inner-column elementor-element elementor-element-1bbe3d9\" data-id=\"1bbe3d9\" data-element_type=\"column\" data-settings=\"{&quot;background_background&quot;:&quot;classic&quot;}\">\n\t\t\t<div class=\"elementor-widget-wrap elementor-element-populated\">\n\t\t\t\t\t\t<div class=\"elementor-element elementor-element-7b93979 de_scroll_animation_no elementor-widget elementor-widget-heading\" data-id=\"7b93979\" data-element_type=\"widget\" data-widget_type=\"heading.default\">\n\t\t\t\t<div class=\"elementor-widget-container\">\n\t\t\t\t\t<h2 class=\"elementor-heading-title elementor-size-default\">Shipping<\/h2>\t\t\t\t<\/div>\n\t\t\t\t<\/div>\n\t\t\t\t\t<\/div>\n\t\t<\/div>\n\t\t\t\t\t<\/div>\n\t\t<\/section>\n\t\t\t\t\t<\/div>\n\t\t<\/div>\n\t\t\t\t\t<\/div>\n\t\t<\/section>\n\t\t\t\t<section class=\"elementor-section elementor-top-section elementor-element elementor-element-a58a68b elementor-section-boxed elementor-section-height-default elementor-section-height-default\" data-id=\"a58a68b\" data-element_type=\"section\">\n\t\t\t\t\t\t<div class=\"elementor-container elementor-column-gap-default\">\n\t\t\t\t\t<div class=\"elementor-column elementor-col-100 elementor-top-column elementor-element elementor-element-5281787\" data-id=\"5281787\" data-element_type=\"column\">\n\t\t\t<div class=\"elementor-widget-wrap elementor-element-populated\">\n\t\t\t\t\t\t<div class=\"elementor-element elementor-element-6260816 de_scroll_animation_no elementor-widget elementor-widget-spacer\" data-id=\"6260816\" data-element_type=\"widget\" data-widget_type=\"spacer.default\">\n\t\t\t\t<div class=\"elementor-widget-container\">\n\t\t\t\t\t\t\t<div class=\"elementor-spacer\">\n\t\t\t<div class=\"elementor-spacer-inner\"><\/div>\n\t\t<\/div>\n\t\t\t\t\t\t<\/div>\n\t\t\t\t<\/div>\n\t\t\t\t<div class=\"elementor-element elementor-element-64acf5b de_scroll_animation_no elementor-widget elementor-widget-text-editor\" data-id=\"64acf5b\" data-element_type=\"widget\" data-widget_type=\"text-editor.default\">\n\t\t\t\t<div class=\"elementor-widget-container\">\n\t\t\t\t\t\t\t\t\t<h3><strong>Shipping<\/strong><\/h3><p>You can pick up your order at the studio. Please contact me to arrange a visit:\u00a0<a href=\"https:\/\/czirkakeramia.hu\/en\/kapcsolat\/\" target=\"_blank\" rel=\"noopener\"><u>contact<\/u><\/a>\u00a0.<\/p><p>Another option is <strong>Foxpost <\/strong>szolg\u00e1ltat\u00e1s\u00e1t is orsz\u00e1gosan csomagautomat\u00e1kba, ennek d\u00edja 1.080 Ft, m\u00edg a h\u00e1zhozsz\u00e1ll\u00edt\u00e1s 2.280 Ft.<\/p><p><strong>MPL<\/strong> sz\u00e1ll\u00edt\u00e1s eset\u00e9n: Csomagautomat\u00e1ba, Posta Pontra vagy post\u00e1ra k\u00e9zbes\u00edtve: brutt\u00f3 990 Ft\/db. H\u00e1zn\u00e1l t\u00f6rt\u00e9n\u0151 k\u00e9zbes\u00edt\u00e9s eset\u00e9n: 0-10 kg-ig brutt\u00f3 1990 Ft\/db.<\/p><p><strong>Delivery\u00a0<\/strong>is free if your order is over \u00a0<strong>30 000 HUF.<\/strong><\/p><p>For international delivery please <a href=\"https:\/\/czirkakeramia.hu\/en\/kapcsolat\/\" target=\"_blank\" rel=\"noopener\"><u>contact<\/u><\/a> me.<\/p>\t\t\t\t\t\t\t\t<\/div>\n\t\t\t\t<\/div>\n\t\t\t\t<div class=\"elementor-element elementor-element-d429e45 de_scroll_animation_no elementor-widget elementor-widget-menu-anchor\" data-id=\"d429e45\" data-element_type=\"widget\" data-widget_type=\"menu-anchor.default\">\n\t\t\t\t<div class=\"elementor-widget-container\">\n\t\t\t\t\t\t\t<div class=\"elementor-menu-anchor\" id=\"csomagolas\"><\/div>\n\t\t\t\t\t\t<\/div>\n\t\t\t\t<\/div>\n\t\t\t\t<div class=\"elementor-element elementor-element-aafb9d4 de_scroll_animation_no elementor-widget elementor-widget-text-editor\" data-id=\"aafb9d4\" data-element_type=\"widget\" data-widget_type=\"text-editor.default\">\n\t\t\t\t<div class=\"elementor-widget-container\">\n\t\t\t\t\t\t\t\t\t<h3><strong>Packaging<\/strong><\/h3><p>I will do my best to make sure that the objects you ordered are delivered in one piece. They need to be wrapped and packed very carefully. Keeping sustainability in mind, I use recyclable cardboard boxes, biodegradable packing peanuts and also try to reuse plastic and paper packaging materials as much as possible. Therefore, please note that the package you will receive may not look the most refined.<\/p>\t\t\t\t\t\t\t\t<\/div>\n\t\t\t\t<\/div>\n\t\t\t\t<div class=\"elementor-element elementor-element-31b760b de_scroll_animation_no elementor-widget elementor-widget-menu-anchor\" data-id=\"31b760b\" data-element_type=\"widget\" data-widget_type=\"menu-anchor.default\">\n\t\t\t\t<div class=\"elementor-widget-container\">\n\t\t\t\t\t\t\t<div class=\"elementor-menu-anchor\" id=\"csere\"><\/div>\n\t\t\t\t\t\t<\/div>\n\t\t\t\t<\/div>\n\t\t\t\t<div class=\"elementor-element elementor-element-7086a1e de_scroll_animation_no elementor-widget elementor-widget-text-editor\" data-id=\"7086a1e\" data-element_type=\"widget\" data-widget_type=\"text-editor.default\">\n\t\t\t\t<div class=\"elementor-widget-container\">\n\t\t\t\t\t\t\t\t\t<h3><strong>How to return an item<\/strong><\/h3><p>I hope that you will be delighted with the item you receive. Still, should you decide to return it, please\u00a0<a href=\"https:\/\/czirkakeramia.hu\/en\/kapcsolat\/\" target=\"_blank\" rel=\"noopener\"><u>contact<\/u><\/a>\u00a0me via email to let me know there\u2019s an issue. You can then return your order in its original condition to:\nKl\u00e1ra Czit\u00f3, \n1028 Budapest, \nBethlen G\u00e1bor utca 18\/b, \nHUNGARY<\/p><p>Please do this within 14 days of delivery. You will be responsible for the item or items until they reach me, so I suggest using a tracked\/signed delivery method. I can only refund your money if the item arrives. \n \nIf you return an item because it is faulty or for any other reason which is my fault, I will also pay you the cost of the return postage. \n\nPlease note that personalised or made-to-order items are nonrefundable unless faulty. \n\nFor further details please see our\u00a0<a href=\"https:\/\/czirkakeramia.hu\/en\/aszf\/\" target=\"_blank\" rel=\"noopener\"><u>Terms and conditions.<\/u><\/a><\/p>\t\t\t\t\t\t\t\t<\/div>\n\t\t\t\t<\/div>\n\t\t\t\t\t<\/div>\n\t\t<\/div>\n\t\t\t\t\t<\/div>\n\t\t<\/section>\n\t\t\t\t<\/div>","protected":false},"excerpt":{"rendered":"<p>Sz\u00e1ll\u00edt\u00e1si felt\u00e9telek Sz\u00e1ll\u00edt\u00e1s Megrendelt t\u00e1rgyaidat \u00e1tveheted szem\u00e9lyesen, Budapest II. ker\u00fclet\u00e9ben, a m\u0171helyben. K\u00e9rlek, mindenk\u00e9pp egyeztess velem id\u0151pontot miel\u0151tt elinduln\u00e1l:\u00a0kapcsolat\u00a0. V\u00e1laszthatod a Foxpost szolg\u00e1ltat\u00e1s\u00e1t is orsz\u00e1gosan csomagautomat\u00e1kba, ennek d\u00edja 1.080 Ft, m\u00edg a h\u00e1zhozsz\u00e1ll\u00edt\u00e1s 2.280 Ft. MPL sz\u00e1ll\u00edt\u00e1s eset\u00e9n: Csomagautomat\u00e1ba, Posta Pontra vagy post\u00e1ra k\u00e9zbes\u00edtve: brutt\u00f3 990 Ft\/db. H\u00e1zn\u00e1l t\u00f6rt\u00e9n\u0151 k\u00e9zbes\u00edt\u00e9s eset\u00e9n: 0-10 kg-ig brutt\u00f3 1990 [&hellip;]<\/p>","protected":false},"author":1,"featured_media":0,"parent":0,"menu_order":0,"comment_status":"closed","ping_status":"closed","template":"","meta":{"footnotes":""},"class_list":["post-960","page","type-page","status-publish","hentry"],"_links":{"self":[{"href":"https:\/\/czirkakeramia.hu\/en\/wp-json\/wp\/v2\/pages\/960","targetHints":{"allow":["GET"]}}],"collection":[{"href":"https:\/\/czirkakeramia.hu\/en\/wp-json\/wp\/v2\/pages"}],"about":[{"href":"https:\/\/czirkakeramia.hu\/en\/wp-json\/wp\/v2\/types\/page"}],"author":[{"embeddable":true,"href":"https:\/\/czirkakeramia.hu\/en\/wp-json\/wp\/v2\/users\/1"}],"replies":[{"embeddable":true,"href":"https:\/\/czirkakeramia.hu\/en\/wp-json\/wp\/v2\/comments?post=960"}],"version-history":[{"count":12,"href":"https:\/\/czirkakeramia.hu\/en\/wp-json\/wp\/v2\/pages\/960\/revisions"}],"predecessor-version":[{"id":4895,"href":"https:\/\/czirkakeramia.hu\/en\/wp-json\/wp\/v2\/pages\/960\/revisions\/4895"}],"wp:attachment":[{"href":"https:\/\/czirkakeramia.hu\/en\/wp-json\/wp\/v2\/media?parent=960"}],"curies":[{"name":"wp","href":"https:\/\/api.w.org\/{rel}","templated":true}]}}