{"id":1312,"date":"2022-09-16T13:55:36","date_gmt":"2022-09-16T13:55:36","guid":{"rendered":"https:\/\/czirkakeramia.hu\/?post_type=product&#038;p=1312"},"modified":"2023-01-11T15:24:30","modified_gmt":"2023-01-11T15:24:30","slug":"raku-kaspo-orveny","status":"publish","type":"product","link":"https:\/\/czirkakeramia.hu\/en\/product\/raku-kaspo-orveny\/","title":{"rendered":"Raku kasp\u00f3 &#8216;\u00d6rv\u00e9ny&#8217;"},"content":{"rendered":"","protected":false},"excerpt":{"rendered":"<p>Raku planter. As the raku firing technique does not fully vitrify the clay, it is not completely waterproof.<\/p>\n<p>Dimensions: height 13 cm, diameter 17 cm, weight 1 kg.<\/p>","protected":false},"featured_media":1313,"template":"","meta":[],"product_brand":[],"product_cat":[27,22],"product_tag":[],"class_list":{"0":"post-1312","1":"product","2":"type-product","3":"status-publish","4":"has-post-thumbnail","6":"product_cat-raku","7":"product_cat-vazak-kaspok","9":"first","10":"instock","11":"shipping-taxable","12":"purchasable","13":"product-type-simple"},"_links":{"self":[{"href":"https:\/\/czirkakeramia.hu\/en\/wp-json\/wp\/v2\/product\/1312","targetHints":{"allow":["GET"]}}],"collection":[{"href":"https:\/\/czirkakeramia.hu\/en\/wp-json\/wp\/v2\/product"}],"about":[{"href":"https:\/\/czirkakeramia.hu\/en\/wp-json\/wp\/v2\/types\/product"}],"version-history":[{"count":2,"href":"https:\/\/czirkakeramia.hu\/en\/wp-json\/wp\/v2\/product\/1312\/revisions"}],"predecessor-version":[{"id":4502,"href":"https:\/\/czirkakeramia.hu\/en\/wp-json\/wp\/v2\/product\/1312\/revisions\/4502"}],"wp:featuredmedia":[{"embeddable":true,"href":"https:\/\/czirkakeramia.hu\/en\/wp-json\/wp\/v2\/media\/1313"}],"wp:attachment":[{"href":"https:\/\/czirkakeramia.hu\/en\/wp-json\/wp\/v2\/media?parent=1312"}],"wp:term":[{"taxonomy":"product_brand","embeddable":true,"href":"https:\/\/czirkakeramia.hu\/en\/wp-json\/wp\/v2\/product_brand?post=1312"},{"taxonomy":"product_cat","embeddable":true,"href":"https:\/\/czirkakeramia.hu\/en\/wp-json\/wp\/v2\/product_cat?post=1312"},{"taxonomy":"product_tag","embeddable":true,"href":"https:\/\/czirkakeramia.hu\/en\/wp-json\/wp\/v2\/product_tag?post=1312"}],"curies":[{"name":"wp","href":"https:\/\/api.w.org\/{rel}","templated":true}]}}