{"id":4512,"date":"2023-01-11T16:25:02","date_gmt":"2023-01-11T16:25:02","guid":{"rendered":"https:\/\/czirkakeramia.hu\/?post_type=product&#038;p=4512"},"modified":"2025-01-15T08:05:08","modified_gmt":"2025-01-15T08:05:08","slug":"andromeda-mecsestarto","status":"publish","type":"product","link":"https:\/\/czirkakeramia.hu\/en\/product\/andromeda-mecsestarto\/","title":{"rendered":"&#8216;Andromeda&#8217; m\u00e9csestart\u00f3"},"content":{"rendered":"","protected":false},"excerpt":{"rendered":"<p>Korongon k\u00e9sz\u00fclt egyedi m\u00e9csestart\u00f3 nagy m\u00e9ret\u0171 team\u00e9cseshez. Dekor\u00e1lhatod a m\u00e9cses melletti t\u00e1lka r\u00e9szt a szezonnak vagy alkalomnak megfelel\u0151en, pl. p\u00e1r r\u00fad fah\u00e9jjal, vir\u00e1gszirmokkal stb., vagy hagyhatod \u00e9rv\u00e9nyes\u00fclni a k\u00fcl\u00f6nleges krist\u00e1lyos m\u00e1zat.<\/p>\n<p>\u00c1tm\u00e9r\u0151je 15,5 cm.<\/p>","protected":false},"featured_media":4513,"template":"","meta":[],"product_brand":[],"product_cat":[69],"product_tag":[],"class_list":{"0":"post-4512","1":"product","2":"type-product","3":"status-publish","4":"has-post-thumbnail","6":"product_cat-fenyek-illatok","8":"first","9":"outofstock","10":"shipping-taxable","11":"purchasable","12":"product-type-simple"},"_links":{"self":[{"href":"https:\/\/czirkakeramia.hu\/en\/wp-json\/wp\/v2\/product\/4512","targetHints":{"allow":["GET"]}}],"collection":[{"href":"https:\/\/czirkakeramia.hu\/en\/wp-json\/wp\/v2\/product"}],"about":[{"href":"https:\/\/czirkakeramia.hu\/en\/wp-json\/wp\/v2\/types\/product"}],"version-history":[{"count":1,"href":"https:\/\/czirkakeramia.hu\/en\/wp-json\/wp\/v2\/product\/4512\/revisions"}],"predecessor-version":[{"id":4516,"href":"https:\/\/czirkakeramia.hu\/en\/wp-json\/wp\/v2\/product\/4512\/revisions\/4516"}],"wp:featuredmedia":[{"embeddable":true,"href":"https:\/\/czirkakeramia.hu\/en\/wp-json\/wp\/v2\/media\/4513"}],"wp:attachment":[{"href":"https:\/\/czirkakeramia.hu\/en\/wp-json\/wp\/v2\/media?parent=4512"}],"wp:term":[{"taxonomy":"product_brand","embeddable":true,"href":"https:\/\/czirkakeramia.hu\/en\/wp-json\/wp\/v2\/product_brand?post=4512"},{"taxonomy":"product_cat","embeddable":true,"href":"https:\/\/czirkakeramia.hu\/en\/wp-json\/wp\/v2\/product_cat?post=4512"},{"taxonomy":"product_tag","embeddable":true,"href":"https:\/\/czirkakeramia.hu\/en\/wp-json\/wp\/v2\/product_tag?post=4512"}],"curies":[{"name":"wp","href":"https:\/\/api.w.org\/{rel}","templated":true}]}}