{"id":4543,"date":"2023-01-11T17:02:59","date_gmt":"2023-01-11T17:02:59","guid":{"rendered":"https:\/\/czirkakeramia.hu\/?post_type=product&#038;p=4543"},"modified":"2025-12-10T11:28:50","modified_gmt":"2025-12-10T11:28:50","slug":"simply-spotted-kaspo-m","status":"publish","type":"product","link":"https:\/\/czirkakeramia.hu\/en\/product\/simply-spotted-kaspo-m\/","title":{"rendered":"&#8216;Simply Spotted&#8217; kasp\u00f3 M"},"content":{"rendered":"","protected":false},"excerpt":{"rendered":"<p>Szer\u00e9ny, de ha jobban megismered, k\u00fcl\u00f6nleges ez a korongolt kasp\u00f3, melynek egyik f\u0151 er\u00e9nye, hogy szinte nincs olyan k\u00f6rnyezet, ahova ne illene.<\/p>\n<p>Magass\u00e1ga 10 cm, \u00e1tm\u00e9r\u0151je 10 cm.<\/p>","protected":false},"featured_media":4544,"template":"","meta":[],"product_brand":[],"product_cat":[22,28],"product_tag":[],"class_list":{"0":"post-4543","1":"product","2":"type-product","3":"status-publish","4":"has-post-thumbnail","6":"product_cat-vazak-kaspok","7":"product_cat-szezonalis","9":"first","10":"outofstock","11":"shipping-taxable","12":"purchasable","13":"product-type-simple"},"_links":{"self":[{"href":"https:\/\/czirkakeramia.hu\/en\/wp-json\/wp\/v2\/product\/4543","targetHints":{"allow":["GET"]}}],"collection":[{"href":"https:\/\/czirkakeramia.hu\/en\/wp-json\/wp\/v2\/product"}],"about":[{"href":"https:\/\/czirkakeramia.hu\/en\/wp-json\/wp\/v2\/types\/product"}],"version-history":[{"count":1,"href":"https:\/\/czirkakeramia.hu\/en\/wp-json\/wp\/v2\/product\/4543\/revisions"}],"predecessor-version":[{"id":4546,"href":"https:\/\/czirkakeramia.hu\/en\/wp-json\/wp\/v2\/product\/4543\/revisions\/4546"}],"wp:featuredmedia":[{"embeddable":true,"href":"https:\/\/czirkakeramia.hu\/en\/wp-json\/wp\/v2\/media\/4544"}],"wp:attachment":[{"href":"https:\/\/czirkakeramia.hu\/en\/wp-json\/wp\/v2\/media?parent=4543"}],"wp:term":[{"taxonomy":"product_brand","embeddable":true,"href":"https:\/\/czirkakeramia.hu\/en\/wp-json\/wp\/v2\/product_brand?post=4543"},{"taxonomy":"product_cat","embeddable":true,"href":"https:\/\/czirkakeramia.hu\/en\/wp-json\/wp\/v2\/product_cat?post=4543"},{"taxonomy":"product_tag","embeddable":true,"href":"https:\/\/czirkakeramia.hu\/en\/wp-json\/wp\/v2\/product_tag?post=4543"}],"curies":[{"name":"wp","href":"https:\/\/api.w.org\/{rel}","templated":true}]}}