{"id":4557,"date":"2023-01-11T17:28:36","date_gmt":"2023-01-11T17:28:36","guid":{"rendered":"https:\/\/czirkakeramia.hu\/?post_type=product&#038;p=4557"},"modified":"2023-01-11T17:28:36","modified_gmt":"2023-01-11T17:28:36","slug":"sagittarius-illatmecses","status":"publish","type":"product","link":"https:\/\/czirkakeramia.hu\/en\/product\/sagittarius-illatmecses\/","title":{"rendered":"&#8216;Sagittarius&#8217; illatm\u00e9cses"},"content":{"rendered":"","protected":false},"excerpt":{"rendered":"<p>Egyedi mint\u00e1kat hoz l\u00e9tre a k\u00fcl\u00f6nleges effektm\u00e1z ezen a korongolt illatm\u00e9csesen. T\u00e1lk\u00e1j\u00e1ba tehet\u00fcnk illatviaszt vagy vizet, amibe ill\u00f3olajat csepegtet\u00fcnk. Team\u00e9csessel felmeleg\u00edtve kellemes hangulatot teremthet\u00fcnk a seg\u00edts\u00e9g\u00e9vel.<\/p>\n<p>Magass\u00e1ga 8,5 cm, \u00e1tm\u00e9r\u0151je 8,5 cm.<\/p>","protected":false},"featured_media":4558,"template":"","meta":[],"product_brand":[],"product_cat":[69,28],"product_tag":[],"class_list":{"0":"post-4557","1":"product","2":"type-product","3":"status-publish","4":"has-post-thumbnail","6":"product_cat-fenyek-illatok","7":"product_cat-szezonalis","9":"first","10":"instock","11":"shipping-taxable","12":"purchasable","13":"product-type-simple"},"_links":{"self":[{"href":"https:\/\/czirkakeramia.hu\/en\/wp-json\/wp\/v2\/product\/4557","targetHints":{"allow":["GET"]}}],"collection":[{"href":"https:\/\/czirkakeramia.hu\/en\/wp-json\/wp\/v2\/product"}],"about":[{"href":"https:\/\/czirkakeramia.hu\/en\/wp-json\/wp\/v2\/types\/product"}],"version-history":[{"count":1,"href":"https:\/\/czirkakeramia.hu\/en\/wp-json\/wp\/v2\/product\/4557\/revisions"}],"predecessor-version":[{"id":4560,"href":"https:\/\/czirkakeramia.hu\/en\/wp-json\/wp\/v2\/product\/4557\/revisions\/4560"}],"wp:featuredmedia":[{"embeddable":true,"href":"https:\/\/czirkakeramia.hu\/en\/wp-json\/wp\/v2\/media\/4558"}],"wp:attachment":[{"href":"https:\/\/czirkakeramia.hu\/en\/wp-json\/wp\/v2\/media?parent=4557"}],"wp:term":[{"taxonomy":"product_brand","embeddable":true,"href":"https:\/\/czirkakeramia.hu\/en\/wp-json\/wp\/v2\/product_brand?post=4557"},{"taxonomy":"product_cat","embeddable":true,"href":"https:\/\/czirkakeramia.hu\/en\/wp-json\/wp\/v2\/product_cat?post=4557"},{"taxonomy":"product_tag","embeddable":true,"href":"https:\/\/czirkakeramia.hu\/en\/wp-json\/wp\/v2\/product_tag?post=4557"}],"curies":[{"name":"wp","href":"https:\/\/api.w.org\/{rel}","templated":true}]}}