{"id":4597,"date":"2023-01-11T20:23:01","date_gmt":"2023-01-11T20:23:01","guid":{"rendered":"https:\/\/czirkakeramia.hu\/?post_type=product&#038;p=4597"},"modified":"2023-01-11T20:23:01","modified_gmt":"2023-01-11T20:23:01","slug":"blue-grass-mecsestarto","status":"publish","type":"product","link":"https:\/\/czirkakeramia.hu\/en\/product\/blue-grass-mecsestarto\/","title":{"rendered":"&#8216;Blue Grass&#8217; m\u00e9csestart\u00f3"},"content":{"rendered":"","protected":false},"excerpt":{"rendered":"<p>Korongozott, text\u00far\u00e1lt fel\u00fclet\u0171 m\u00e9csestart\u00f3, nagym\u00e9ret\u0171 team\u00e9cseshez.<\/p>\n<p>3 cm magas, \u00e1tm\u00e9r\u0151je 7,5 cm.<\/p>","protected":false},"featured_media":4601,"template":"","meta":[],"product_brand":[],"product_cat":[69,28],"product_tag":[],"class_list":{"0":"post-4597","1":"product","2":"type-product","3":"status-publish","4":"has-post-thumbnail","6":"product_cat-fenyek-illatok","7":"product_cat-szezonalis","9":"first","10":"instock","11":"shipping-taxable","12":"purchasable","13":"product-type-simple"},"_links":{"self":[{"href":"https:\/\/czirkakeramia.hu\/en\/wp-json\/wp\/v2\/product\/4597","targetHints":{"allow":["GET"]}}],"collection":[{"href":"https:\/\/czirkakeramia.hu\/en\/wp-json\/wp\/v2\/product"}],"about":[{"href":"https:\/\/czirkakeramia.hu\/en\/wp-json\/wp\/v2\/types\/product"}],"version-history":[{"count":1,"href":"https:\/\/czirkakeramia.hu\/en\/wp-json\/wp\/v2\/product\/4597\/revisions"}],"predecessor-version":[{"id":4602,"href":"https:\/\/czirkakeramia.hu\/en\/wp-json\/wp\/v2\/product\/4597\/revisions\/4602"}],"wp:featuredmedia":[{"embeddable":true,"href":"https:\/\/czirkakeramia.hu\/en\/wp-json\/wp\/v2\/media\/4601"}],"wp:attachment":[{"href":"https:\/\/czirkakeramia.hu\/en\/wp-json\/wp\/v2\/media?parent=4597"}],"wp:term":[{"taxonomy":"product_brand","embeddable":true,"href":"https:\/\/czirkakeramia.hu\/en\/wp-json\/wp\/v2\/product_brand?post=4597"},{"taxonomy":"product_cat","embeddable":true,"href":"https:\/\/czirkakeramia.hu\/en\/wp-json\/wp\/v2\/product_cat?post=4597"},{"taxonomy":"product_tag","embeddable":true,"href":"https:\/\/czirkakeramia.hu\/en\/wp-json\/wp\/v2\/product_tag?post=4597"}],"curies":[{"name":"wp","href":"https:\/\/api.w.org\/{rel}","templated":true}]}}